{"id":450,"date":"2021-05-09T23:52:19","date_gmt":"2021-05-09T21:52:19","guid":{"rendered":"https:\/\/wnv.nen-info.de\/?page_id=450"},"modified":"2021-05-09T23:52:20","modified_gmt":"2021-05-09T21:52:20","slug":"mitgliedsantrag","status":"publish","type":"page","link":"https:\/\/wnv.nen-info.de\/index.php\/mitgliedsantrag\/","title":{"rendered":"Mitgliedsantrag"},"content":{"rendered":"\n<p><strong>WNV<\/strong><br>WER IST DAS ?<br>WNV = Windenergie Nordeifel e.V. <br>Gemeinn\u00fctziger Verein zur F\u00f6rderung der Energieeinsparung und der umweltvertr\u00e4glichen Energien.<br>Der Verein wurde 1989 gegr\u00fcndet. Wir haben uns vorgenommen, an praktischen regionalen Projekten zu zeigen, dass Energieversorgung sparsam und umweltvertr\u00e4glich sein kann.<br>Schwerpunkte der Arbeit liegen in der Nutzung von Wind &amp; Sonne zur Energieerzeugung, der Energieeinsparung und der \u00d6ffentlichkeitsarbeit. Wir treffen aktuell jeden Montag Online Besucher sind herzlich willkommen. Zugangsdaten bitte anfordern.<br><br>M\u00f6chten Sie Mitglied werden? Hier geht es zu einem <a href=\"https:\/\/wnv.nen-info.de\/wpwnv\/wp-content\/uploads\/Werbeblatt-6.pdf\">Infoblatt mit dem Antrag auf eine Mitgliedschaft im WNV<\/a> .<\/p>\n\n\n","protected":false},"excerpt":{"rendered":"<p>WNVWER IST DAS ?WNV = Windenergie Nordeifel e.V. Gemeinn\u00fctziger Verein zur F\u00f6rderung der Energieeinsparung und der umweltvertr\u00e4glichen Energien.Der Verein wurde 1989 gegr\u00fcndet. Wir haben uns vorgenommen, an praktischen regionalen Projekten <a href=\"https:\/\/wnv.nen-info.de\/index.php\/mitgliedsantrag\/\" class=\"more-link\">[&#8230;]<\/a><\/p>\n","protected":false},"author":1,"featured_media":0,"parent":0,"menu_order":0,"comment_status":"closed","ping_status":"closed","template":"","meta":{"Layout":"","footnotes":""},"class_list":["entry","author-honiko","post-450","page","type-page","status-publish"],"_links":{"self":[{"href":"https:\/\/wnv.nen-info.de\/index.php\/wp-json\/wp\/v2\/pages\/450","targetHints":{"allow":["GET"]}}],"collection":[{"href":"https:\/\/wnv.nen-info.de\/index.php\/wp-json\/wp\/v2\/pages"}],"about":[{"href":"https:\/\/wnv.nen-info.de\/index.php\/wp-json\/wp\/v2\/types\/page"}],"author":[{"embeddable":true,"href":"https:\/\/wnv.nen-info.de\/index.php\/wp-json\/wp\/v2\/users\/1"}],"replies":[{"embeddable":true,"href":"https:\/\/wnv.nen-info.de\/index.php\/wp-json\/wp\/v2\/comments?post=450"}],"version-history":[{"count":2,"href":"https:\/\/wnv.nen-info.de\/index.php\/wp-json\/wp\/v2\/pages\/450\/revisions"}],"predecessor-version":[{"id":453,"href":"https:\/\/wnv.nen-info.de\/index.php\/wp-json\/wp\/v2\/pages\/450\/revisions\/453"}],"wp:attachment":[{"href":"https:\/\/wnv.nen-info.de\/index.php\/wp-json\/wp\/v2\/media?parent=450"}],"curies":[{"name":"wp","href":"https:\/\/api.w.org\/{rel}","templated":true}]}}