{"id":2,"date":"2016-05-20T20:24:25","date_gmt":"2016-05-20T18:24:25","guid":{"rendered":"https:\/\/wnv.nen-info.de\/wpwnv\/?page_id=2"},"modified":"2016-06-05T17:21:18","modified_gmt":"2016-06-05T15:21:18","slug":"wnv-seiten","status":"publish","type":"page","link":"https:\/\/wnv.nen-info.de\/index.php\/wnv-seiten\/","title":{"rendered":"\u00dcber uns"},"content":{"rendered":"<p>Der gemeinn\u00fctzige Verein Windenergie Nordeifel e.V., kurz WNV, entstand 1989 als Zusammenschluss von engagierten Umweltsch\u00fctzern in der Nordeifel, insbesondere der Region um Schleiden. Getragen werden wir von der gemeinsamen und spannenden Aufgabe, den Umbau der Energieversorgung, weg von der endlichen und umweltbedrohenden fossilen und atomaren Energie, hin zu den dauerhaften Energien wie Sonnenenergie, Windenergie, Wasserkraft und Bioenergie. Im Vordergrund steht dabei der vern\u00fcnftige Umgang mit jedweder Energie und damit auch das Energiesparen. Der gemeinn\u00fctzige Verein Windenergie Nordeifel e.V. hat heute rd. 100 Mitglieder, \u00fcberwiegend aus Schleiden und der n\u00e4heren Umgebung.<\/p>\n<p>Wir freuen uns auf Besuch, neue Gedanken und frischen Wind!<br \/>\nUm sicher zu gehen, dass du uns erreichst, kannst du uns vorher einfach eine kurze Mail schicken ( wnv(\u00e4t)wnv-info.de).<\/p>\n<p><a href=\"https:\/\/wnv.nen-info.de\/index.php\/satzung\/\" target=\"_blank\">Hier geht es zur Satzung des WNV.<\/a><\/p>\n<p>&nbsp;<\/p>\n","protected":false},"excerpt":{"rendered":"<p>Der gemeinn\u00fctzige Verein Windenergie Nordeifel e.V., kurz WNV, entstand 1989 als Zusammenschluss von engagierten Umweltsch\u00fctzern in der Nordeifel, insbesondere der Region um Schleiden. Getragen werden wir von der gemeinsamen und <a href=\"https:\/\/wnv.nen-info.de\/index.php\/wnv-seiten\/\" class=\"more-link\">[&#8230;]<\/a><\/p>\n","protected":false},"author":1,"featured_media":0,"parent":0,"menu_order":0,"comment_status":"closed","ping_status":"closed","template":"","meta":{"Layout":"1c","footnotes":""},"class_list":["entry","author-honiko","post-2","page","type-page","status-publish"],"_links":{"self":[{"href":"https:\/\/wnv.nen-info.de\/index.php\/wp-json\/wp\/v2\/pages\/2","targetHints":{"allow":["GET"]}}],"collection":[{"href":"https:\/\/wnv.nen-info.de\/index.php\/wp-json\/wp\/v2\/pages"}],"about":[{"href":"https:\/\/wnv.nen-info.de\/index.php\/wp-json\/wp\/v2\/types\/page"}],"author":[{"embeddable":true,"href":"https:\/\/wnv.nen-info.de\/index.php\/wp-json\/wp\/v2\/users\/1"}],"replies":[{"embeddable":true,"href":"https:\/\/wnv.nen-info.de\/index.php\/wp-json\/wp\/v2\/comments?post=2"}],"version-history":[{"count":5,"href":"https:\/\/wnv.nen-info.de\/index.php\/wp-json\/wp\/v2\/pages\/2\/revisions"}],"predecessor-version":[{"id":49,"href":"https:\/\/wnv.nen-info.de\/index.php\/wp-json\/wp\/v2\/pages\/2\/revisions\/49"}],"wp:attachment":[{"href":"https:\/\/wnv.nen-info.de\/index.php\/wp-json\/wp\/v2\/media?parent=2"}],"curies":[{"name":"wp","href":"https:\/\/api.w.org\/{rel}","templated":true}]}}