{"id":141,"date":"2016-06-10T15:52:53","date_gmt":"2016-06-10T13:52:53","guid":{"rendered":"https:\/\/wnv.nen-info.de\/?page_id=141"},"modified":"2016-06-10T16:14:35","modified_gmt":"2016-06-10T14:14:35","slug":"kontakt","status":"publish","type":"page","link":"https:\/\/wnv.nen-info.de\/index.php\/kontakt\/","title":{"rendered":"Kontakt"},"content":{"rendered":"<p><code class=\"mm-code\"><div id=\"simple-contact-form-wrap\">Hier k\u00f6nnen Sie uns eine Nachricht an unser e-Mail Postfach \u00fcbermitteln.\n\t\t<div id=\"simple-contact-form\" class=\"scf\">\n\t\t\t<form action=\"#simple-contact-form-wrap\" method=\"post\">\n\t\t\t\t<div class=\"scf-row scf-name\">\n\t\t\t\t\t<label for=\"scf_name\">Name (erfoderlich)<\/label>\n\t\t\t\t\t<input name=\"scf_name\" id=\"scf_name\" type=\"text\" size=\"33\" maxlength=\"99\" value=\"\" placeholder=\"Ihr Name\" \/>\n\t\t\t\t<\/div>\n\t\t\t\t<div class=\"scf-row scf-email\">\n\t\t\t\t\t<label for=\"scf_email\">Email (erforderlich)<\/label>\n\t\t\t\t\t<input name=\"scf_email\" id=\"scf_email\" type=\"text\" size=\"33\" maxlength=\"99\" value=\"\" placeholder=\"Ihre E-Mail-Adresse\" \/>\n\t\t\t\t<\/div>\n\t\t\t\t<div class=\"scf-row scf-response\">\n\t\t\t\t\t<label for=\"scf_response\">1.000 + 1<\/label>\n\t\t\t\t\t<input name=\"scf_response\" id=\"scf_response\" type=\"text\" size=\"33\" maxlength=\"99\" value=\"\" placeholder=\"Ergebnis eingeben\" \/>\n\t\t\t\t<\/div>\n\t\t\t\t<div class=\"scf-row scf-message\">\n\t\t\t\t\t<label for=\"scf_message\">Ihre Nachricht (erforderlich)<\/label>\n\t\t\t\t\t<textarea name=\"scf_message\" id=\"scf_message\" cols=\"33\" rows=\"7\" placeholder=\"Ihre Nachricht an uns\"><\/textarea>\n\t\t\t\t<\/div><div class=\"scf-submit\">\n\t\t\t\t\t<input type=\"submit\" id=\"scf-button\" value=\"Nachricht senden\">\n\t\t\t\t\t<input type=\"hidden\" id=\"scf-key\" name=\"scf-key\" value=\"process\">\n\t\t\t\t\t<input type=\"hidden\" id=\"scf-nonce\" name=\"scf-nonce\" value=\"48aff1c44d\" \/>\n\t\t\t\t<\/div>\t<div class=\"scf-confirm-checkbox\">\n\t\t<label><input type=\"checkbox\" required> Mit der Bet\u00e4tigung des Absendebuttons \"Nachricht senden\" stimmen Sie zu, dass Ihre pers\u00f6nlichen angegebenen Daten (e-mail-Adresse, Name und sonstige Angaben in Ihrer Nachricht) zur weiteren Bearbeitung an uns \u00fcbermittelt und bei uns gespeichert werden, solange dies notwendig ist, um Ihre Nachricht zu bearbeiten (weitere Details hierzu ergeben sich aus unserer Datenschutzerkl\u00e4rung auf dieser Seite).<\/label>\n\t<\/div><!-- .scf-confirm-checkbox -->\n\t<\/form>\n\t\t<\/div>\n\t\t<style>.scf-confirm-checkbox { margin-top: 15px; } .scf-website3dhhsy3 { display: none; } #simple-contact-form .scf-row { width: 100%; overflow: hidden; margin: 5px 0; padding: 5px 0; border: 0; } #simple-contact-form .scf-row input { box-sizing: border-box; float: left; clear: none; width: 75%; margin: 0; } #simple-contact-form .scf-row label { box-sizing: border-box; float: left; clear: both; width: 25%; margin-top: 5px; font-size: 90%; } #simple-contact-form .scf-row textarea { box-sizing: border-box; float: left; clear: both; width: 100%; margin-top: 2px; }#simple-contact-form fieldset { width: 80%; overflow: hidden; margin: 5px 0; border: 0; } #simple-contact-form fieldset input { float: left; width: %; } #simple-contact-form textarea { float: left; clear: both; width: 100%; } #simple-contact-form label { float: left; clear: both; width: 50%; margin-top: 3px; line-height: 1.8; font-size: 90%; } #scf_success pre { white-space: pre-wrap; }<\/style><\/div><\/code><\/p>\n","protected":false},"excerpt":{"rendered":"<p>Hier k\u00f6nnen Sie uns eine Nachricht an unser e-Mail Postfach \u00fcbermitteln. Name (erfoderlich) Email (erforderlich) 1.000 + 1 Ihre Nachricht (erforderlich) Mit der Bet\u00e4tigung des Absendebuttons &#8222;Nachricht senden&#8220; stimmen Sie <a href=\"https:\/\/wnv.nen-info.de\/index.php\/kontakt\/\" class=\"more-link\">[&#8230;]<\/a><\/p>\n","protected":false},"author":1,"featured_media":0,"parent":0,"menu_order":0,"comment_status":"closed","ping_status":"closed","template":"","meta":{"Layout":"1c","footnotes":""},"class_list":["entry","author-honiko","post-141","page","type-page","status-publish"],"_links":{"self":[{"href":"https:\/\/wnv.nen-info.de\/index.php\/wp-json\/wp\/v2\/pages\/141","targetHints":{"allow":["GET"]}}],"collection":[{"href":"https:\/\/wnv.nen-info.de\/index.php\/wp-json\/wp\/v2\/pages"}],"about":[{"href":"https:\/\/wnv.nen-info.de\/index.php\/wp-json\/wp\/v2\/types\/page"}],"author":[{"embeddable":true,"href":"https:\/\/wnv.nen-info.de\/index.php\/wp-json\/wp\/v2\/users\/1"}],"replies":[{"embeddable":true,"href":"https:\/\/wnv.nen-info.de\/index.php\/wp-json\/wp\/v2\/comments?post=141"}],"version-history":[{"count":1,"href":"https:\/\/wnv.nen-info.de\/index.php\/wp-json\/wp\/v2\/pages\/141\/revisions"}],"predecessor-version":[{"id":142,"href":"https:\/\/wnv.nen-info.de\/index.php\/wp-json\/wp\/v2\/pages\/141\/revisions\/142"}],"wp:attachment":[{"href":"https:\/\/wnv.nen-info.de\/index.php\/wp-json\/wp\/v2\/media?parent=141"}],"curies":[{"name":"wp","href":"https:\/\/api.w.org\/{rel}","templated":true}]}}