{"id":128,"date":"2016-06-09T18:03:37","date_gmt":"2016-06-09T16:03:37","guid":{"rendered":"https:\/\/wnv.nen-info.de\/?page_id=128"},"modified":"2016-06-10T15:20:06","modified_gmt":"2016-06-10T13:20:06","slug":"buergerenergie","status":"publish","type":"page","link":"https:\/\/wnv.nen-info.de\/index.php\/buergerenergie\/","title":{"rendered":"Energieprojekte"},"content":{"rendered":"<p>Aus dem WNV heraus haben sich inzwischen 2 Unternehmen gegr\u00fcndet um durch regenerative Energieerzeugung die Energiewende in der Nordeifel mit praktischer Unternehmung voran zu bringen:<\/p>\n<ol>\n<li>1989 &#8211; Gr\u00fcndung der <a href=\"https:\/\/nen-info.de\/index.php\/infos-zur-wng\" target=\"_blank\">WNG (Windenergie Nordeifel GmbH)<\/a><\/li>\n<li>2008 &#8211; Gr\u00fcndung der <a href=\"https:\/\/nen-info.de\/\" target=\"_blank\">NEN (Neue Energie Nordeifel GmbH)<\/a><\/li>\n<\/ol>\n<p>An beiden Gesellschaften sind engagierte B\u00fcrger beteiligt, wobei bisher jeder mit machen konnte der an unserer Unternehmung Interesse hatte.<br \/>\nDie WNG hat 2014 ihre 3 Windkraftanlagen (WKA), \u00e4lterer bauart, zugunsten dem Repowering, d.h. f\u00fcr den Bau von neuen und effizienteren WKA, abgebaut. Da die WNG auf absehbare Zeit keine neuen Anlagen bauen kann, werden hier auch keine B\u00fcrger als neue GesellschafterInnen aufgenommen.<br \/>\nDie NEN h\u00e4tte derzeit noch gen\u00fcgend Potenzial um weitere Projekte zu initiieren, doch ist es seit dem Gesetz zur F\u00f6rderung der Erneuerbaren Energien (EEG), in der Fassung von\u00a0 2014, f\u00fcr B\u00fcrgerenergieprojekte praktisch kaum m\u00f6glich neue, wirtschaftlich tragbare, Projekte umzusetzen. Aus diesem Grund nimmt die NEN seit 2014 ebenfalls keine neuen GesellschafterInnen auf. Weitere Informationen zur NEN oder WNG erhalten Sie \u00fcber die oben unter 1. und 2. angegebenen Links.<\/p>\n","protected":false},"excerpt":{"rendered":"<p>Aus dem WNV heraus haben sich inzwischen 2 Unternehmen gegr\u00fcndet um durch regenerative Energieerzeugung die Energiewende in der Nordeifel mit praktischer Unternehmung voran zu bringen: 1989 &#8211; Gr\u00fcndung der WNG <a href=\"https:\/\/wnv.nen-info.de\/index.php\/buergerenergie\/\" class=\"more-link\">[&#8230;]<\/a><\/p>\n","protected":false},"author":1,"featured_media":0,"parent":0,"menu_order":0,"comment_status":"closed","ping_status":"closed","template":"","meta":{"Layout":"2c-l","footnotes":""},"class_list":["entry","author-honiko","post-128","page","type-page","status-publish"],"_links":{"self":[{"href":"https:\/\/wnv.nen-info.de\/index.php\/wp-json\/wp\/v2\/pages\/128","targetHints":{"allow":["GET"]}}],"collection":[{"href":"https:\/\/wnv.nen-info.de\/index.php\/wp-json\/wp\/v2\/pages"}],"about":[{"href":"https:\/\/wnv.nen-info.de\/index.php\/wp-json\/wp\/v2\/types\/page"}],"author":[{"embeddable":true,"href":"https:\/\/wnv.nen-info.de\/index.php\/wp-json\/wp\/v2\/users\/1"}],"replies":[{"embeddable":true,"href":"https:\/\/wnv.nen-info.de\/index.php\/wp-json\/wp\/v2\/comments?post=128"}],"version-history":[{"count":8,"href":"https:\/\/wnv.nen-info.de\/index.php\/wp-json\/wp\/v2\/pages\/128\/revisions"}],"predecessor-version":[{"id":140,"href":"https:\/\/wnv.nen-info.de\/index.php\/wp-json\/wp\/v2\/pages\/128\/revisions\/140"}],"wp:attachment":[{"href":"https:\/\/wnv.nen-info.de\/index.php\/wp-json\/wp\/v2\/media?parent=128"}],"curies":[{"name":"wp","href":"https:\/\/api.w.org\/{rel}","templated":true}]}}